{"id":66,"date":"2019-10-23T12:28:31","date_gmt":"2019-10-23T12:28:31","guid":{"rendered":"https:\/\/sktthemesdemo.net\/medical\/?page_id=66"},"modified":"2020-12-20T21:02:44","modified_gmt":"2020-12-20T20:02:44","slug":"about","status":"publish","type":"page","link":"https:\/\/www.blomeyer-handwerkerservice.de\/?page_id=66","title":{"rendered":"\u00dcber uns"},"content":{"rendered":"\t\t<div data-elementor-type=\"wp-page\" data-elementor-id=\"66\" class=\"elementor elementor-66\" data-elementor-settings=\"[]\">\n\t\t\t\t\t\t<div class=\"elementor-inner\">\n\t\t\t\t\t\t\t<div class=\"elementor-section-wrap\">\n\t\t\t\t\t\t\t<section class=\"elementor-section elementor-top-section elementor-element elementor-element-d6dedb0 elementor-section-boxed elementor-section-height-default elementor-section-height-default\" data-id=\"d6dedb0\" data-element_type=\"section\" data-settings=\"{&quot;background_background&quot;:&quot;classic&quot;}\">\n\t\t\t\t\t\t<div class=\"elementor-container elementor-column-gap-default\">\n\t\t\t\t\t\t\t<div class=\"elementor-row\">\n\t\t\t\t\t<div class=\"elementor-column elementor-col-100 elementor-top-column elementor-element elementor-element-31ae9ed8\" data-id=\"31ae9ed8\" data-element_type=\"column\">\n\t\t\t<div class=\"elementor-column-wrap elementor-element-populated\">\n\t\t\t\t\t\t\t<div class=\"elementor-widget-wrap\">\n\t\t\t\t\t\t<section class=\"elementor-section elementor-inner-section elementor-element elementor-element-49aa8cbb elementor-section-boxed elementor-section-height-default elementor-section-height-default\" data-id=\"49aa8cbb\" data-element_type=\"section\">\n\t\t\t\t\t\t<div class=\"elementor-container elementor-column-gap-default\">\n\t\t\t\t\t\t\t<div class=\"elementor-row\">\n\t\t\t\t\t<div class=\"elementor-column elementor-col-50 elementor-inner-column elementor-element elementor-element-7280ec7a animated-slow elementor-invisible\" data-id=\"7280ec7a\" data-element_type=\"column\" data-settings=\"{&quot;animation&quot;:&quot;fadeInLeft&quot;}\">\n\t\t\t<div class=\"elementor-column-wrap elementor-element-populated\">\n\t\t\t\t\t\t\t<div class=\"elementor-widget-wrap\">\n\t\t\t\t\t\t<div class=\"elementor-element elementor-element-68da3933 elementor-widget elementor-widget-image\" data-id=\"68da3933\" data-element_type=\"widget\" data-widget_type=\"image.default\">\n\t\t\t\t<div class=\"elementor-widget-container\">\n\t\t\t\t\t<div class=\"elementor-image\">\n\t\t\t\t\t\t\t\t\t\t<img loading=\"lazy\" decoding=\"async\" width=\"1024\" height=\"683\" src=\"https:\/\/www.blomeyer-handwerkerservice.de\/wp-content\/uploads\/2020\/12\/AdobeStock_286000224-1024x683.jpeg\" class=\"attachment-large size-large\" alt=\"\" srcset=\"https:\/\/www.blomeyer-handwerkerservice.de\/wp-content\/uploads\/2020\/12\/AdobeStock_286000224-1024x683.jpeg 1024w, https:\/\/www.blomeyer-handwerkerservice.de\/wp-content\/uploads\/2020\/12\/AdobeStock_286000224-scaled-600x400.jpeg 600w, https:\/\/www.blomeyer-handwerkerservice.de\/wp-content\/uploads\/2020\/12\/AdobeStock_286000224-300x200.jpeg 300w, https:\/\/www.blomeyer-handwerkerservice.de\/wp-content\/uploads\/2020\/12\/AdobeStock_286000224-768x512.jpeg 768w, https:\/\/www.blomeyer-handwerkerservice.de\/wp-content\/uploads\/2020\/12\/AdobeStock_286000224-1536x1024.jpeg 1536w, https:\/\/www.blomeyer-handwerkerservice.de\/wp-content\/uploads\/2020\/12\/AdobeStock_286000224-2048x1366.jpeg 2048w\" sizes=\"auto, (max-width: 1024px) 100vw, 1024px\" \/>\t\t\t\t\t\t\t\t\t\t\t<\/div>\n\t\t\t\t<\/div>\n\t\t\t\t<\/div>\n\t\t\t\t\t\t<\/div>\n\t\t\t\t\t<\/div>\n\t\t<\/div>\n\t\t\t\t<div class=\"elementor-column elementor-col-50 elementor-inner-column elementor-element elementor-element-2fddb7db animated-slow elementor-invisible\" data-id=\"2fddb7db\" data-element_type=\"column\" data-settings=\"{&quot;animation&quot;:&quot;fadeInRight&quot;}\">\n\t\t\t<div class=\"elementor-column-wrap elementor-element-populated\">\n\t\t\t\t\t\t\t<div class=\"elementor-widget-wrap\">\n\t\t\t\t\t\t<div class=\"elementor-element elementor-element-5aad5040 elementor-widget elementor-widget-heading\" data-id=\"5aad5040\" data-element_type=\"widget\" data-widget_type=\"heading.default\">\n\t\t\t\t<div class=\"elementor-widget-container\">\n\t\t\t<h2 class=\"elementor-heading-title elementor-size-default\">\u00dcber mich<\/h2>\t\t<\/div>\n\t\t\t\t<\/div>\n\t\t\t\t<div class=\"elementor-element elementor-element-6c7d6cf6 elementor-position-right elementor-vertical-align-top elementor-widget elementor-widget-image-box\" data-id=\"6c7d6cf6\" data-element_type=\"widget\" data-widget_type=\"image-box.default\">\n\t\t\t\t<div class=\"elementor-widget-container\">\n\t\t\t<div class=\"elementor-image-box-wrapper\"><figure class=\"elementor-image-box-img\"><a href=\"#\"><img loading=\"lazy\" decoding=\"async\" width=\"1641\" height=\"1211\" src=\"https:\/\/www.blomeyer-handwerkerservice.de\/wp-content\/uploads\/2020\/12\/400dpiLogoCropped.jpg\" class=\"attachment-full size-full\" alt=\"\" srcset=\"https:\/\/www.blomeyer-handwerkerservice.de\/wp-content\/uploads\/2020\/12\/400dpiLogoCropped.jpg 1641w, https:\/\/www.blomeyer-handwerkerservice.de\/wp-content\/uploads\/2020\/12\/400dpiLogoCropped-600x443.jpg 600w, https:\/\/www.blomeyer-handwerkerservice.de\/wp-content\/uploads\/2020\/12\/400dpiLogoCropped-300x221.jpg 300w, https:\/\/www.blomeyer-handwerkerservice.de\/wp-content\/uploads\/2020\/12\/400dpiLogoCropped-1024x756.jpg 1024w, https:\/\/www.blomeyer-handwerkerservice.de\/wp-content\/uploads\/2020\/12\/400dpiLogoCropped-768x567.jpg 768w, https:\/\/www.blomeyer-handwerkerservice.de\/wp-content\/uploads\/2020\/12\/400dpiLogoCropped-1536x1134.jpg 1536w\" sizes=\"auto, (max-width: 1641px) 100vw, 1641px\" \/><\/a><\/figure><div class=\"elementor-image-box-content\"><p class=\"elementor-image-box-description\">Handwerkerleistungen f\u00fchren wir f\u00fcr den privaten und gewerblichen Bereich aus.Wir bieten unseren Kunden eine fachlich kompetente Beratung sowie ein hohes Ma\u00df an sauber und korrekte Ausf\u00fchrung . <br><br>\n\u00dcBER MICH.<br><br>Mein Name ist Uwe Blomeyer und ich bin schon seit vielen Jahren privat als Handwerker t\u00e4tig. Februar 2020 habe ich so endlich mein Hobby zum Beruf gemacht. F\u00fcr zahlreiche Kunden, egal ob privat oder gewerblich, bin ich haupts\u00e4chlich im Bereich Ostwestfalen-Lippe im Einsatz.\n\n<\/p><\/div><\/div>\t\t<\/div>\n\t\t\t\t<\/div>\n\t\t\t\t\t\t<\/div>\n\t\t\t\t\t<\/div>\n\t\t<\/div>\n\t\t\t\t\t\t\t\t<\/div>\n\t\t\t\t\t<\/div>\n\t\t<\/section>\n\t\t\t\t\t\t<\/div>\n\t\t\t\t\t<\/div>\n\t\t<\/div>\n\t\t\t\t\t\t\t\t<\/div>\n\t\t\t\t\t<\/div>\n\t\t<\/section>\n\t\t\t\t\t\t<\/div>\n\t\t\t\t\t\t<\/div>\n\t\t\t\t\t<\/div>\n\t\t","protected":false},"excerpt":{"rendered":"<p>\u00dcber mich Handwerkerleistungen f\u00fchren wir f\u00fcr den privaten und gewerblichen Bereich aus.Wir bieten unseren Kunden eine fachlich kompetente Beratung sowie ein hohes Ma\u00df an sauber und korrekte Ausf\u00fchrung . \u00dcBER MICH. Mein Name ist Uwe Blomeyer und ich bin schon seit vielen Jahren privat als Handwerker t\u00e4tig. Februar 2020 habe ich so endlich mein Hobby<br \/><a class=\"moretag\" href=\"https:\/\/www.blomeyer-handwerkerservice.de\/?page_id=66\">+ Read More<\/a><\/p>\n","protected":false},"author":1,"featured_media":0,"parent":0,"menu_order":0,"comment_status":"closed","ping_status":"closed","template":"templates\/page-builder.php","meta":{"_monsterinsights_skip_tracking":false,"_monsterinsights_sitenote_active":false,"_monsterinsights_sitenote_note":"","_monsterinsights_sitenote_category":0,"footnotes":""},"class_list":["post-66","page","type-page","status-publish","hentry"],"_links":{"self":[{"href":"https:\/\/www.blomeyer-handwerkerservice.de\/index.php?rest_route=\/wp\/v2\/pages\/66","targetHints":{"allow":["GET"]}}],"collection":[{"href":"https:\/\/www.blomeyer-handwerkerservice.de\/index.php?rest_route=\/wp\/v2\/pages"}],"about":[{"href":"https:\/\/www.blomeyer-handwerkerservice.de\/index.php?rest_route=\/wp\/v2\/types\/page"}],"author":[{"embeddable":true,"href":"https:\/\/www.blomeyer-handwerkerservice.de\/index.php?rest_route=\/wp\/v2\/users\/1"}],"replies":[{"embeddable":true,"href":"https:\/\/www.blomeyer-handwerkerservice.de\/index.php?rest_route=%2Fwp%2Fv2%2Fcomments&post=66"}],"version-history":[{"count":38,"href":"https:\/\/www.blomeyer-handwerkerservice.de\/index.php?rest_route=\/wp\/v2\/pages\/66\/revisions"}],"predecessor-version":[{"id":744,"href":"https:\/\/www.blomeyer-handwerkerservice.de\/index.php?rest_route=\/wp\/v2\/pages\/66\/revisions\/744"}],"wp:attachment":[{"href":"https:\/\/www.blomeyer-handwerkerservice.de\/index.php?rest_route=%2Fwp%2Fv2%2Fmedia&parent=66"}],"curies":[{"name":"wp","href":"https:\/\/api.w.org\/{rel}","templated":true}]}}